{"id":18,"date":"2026-02-11T23:38:19","date_gmt":"2026-02-11T22:38:19","guid":{"rendered":"https:\/\/alphadetect.fr\/index.php\/a-propos\/"},"modified":"2026-02-12T16:20:11","modified_gmt":"2026-02-12T15:20:11","slug":"a-propos","status":"publish","type":"page","link":"https:\/\/alphadetect.fr\/index.php\/a-propos\/","title":{"rendered":"\u00c0 propos"},"content":{"rendered":"\t\t<div data-elementor-type=\"wp-page\" data-elementor-id=\"18\" class=\"elementor elementor-18\">\n\t\t\t\t<div class=\"elementor-element elementor-element-fb436e1 e-flex e-con-boxed e-con e-parent\" data-id=\"fb436e1\" data-element_type=\"container\" data-e-type=\"container\" data-settings=\"{&quot;background_background&quot;:&quot;classic&quot;}\">\n\t\t\t\t\t<div class=\"e-con-inner\">\n\t\t<div class=\"elementor-element elementor-element-3d7c0fb e-con-full e-flex e-con e-child\" data-id=\"3d7c0fb\" data-element_type=\"container\" data-e-type=\"container\">\n\t\t\t\t<div class=\"elementor-element elementor-element-ec72625 elementor-widget elementor-widget-heading\" data-id=\"ec72625\" data-element_type=\"widget\" data-e-type=\"widget\" data-widget_type=\"heading.default\">\n\t\t\t\t\t<h5 class=\"elementor-heading-title elementor-size-default\">Votre enqu\u00eate, notre mission.<\/h5>\t\t\t\t<\/div>\n\t\t\t\t<div class=\"elementor-element elementor-element-ffc6325 elementor-widget elementor-widget-heading\" data-id=\"ffc6325\" data-element_type=\"widget\" data-e-type=\"widget\" data-widget_type=\"heading.default\">\n\t\t\t\t\t<h2 class=\"elementor-heading-title elementor-size-default\">D\u00e9tectives priv\u00e9s \u00e0 votre service<\/h2>\t\t\t\t<\/div>\n\t\t\t\t<div class=\"elementor-element elementor-element-ad88737 elementor-widget elementor-widget-text-editor\" data-id=\"ad88737\" data-element_type=\"widget\" data-e-type=\"widget\" data-widget_type=\"text-editor.default\">\n\t\t\t\t\t\t\t\t\t<p>Bienvenue sur notre site. En tant que d\u00e9tectives priv\u00e9s, nous nous engageons \u00e0 vous fournir des services de haute qualit\u00e9, bas\u00e9s sur la discr\u00e9tion et le professionnalisme. Notre \u00e9quipe est l\u00e0 pour vous accompagner dans toutes vos enqu\u00eates, qu\u2019elles soient personnelles ou professionnelles.<\/p>\t\t\t\t\t\t\t\t<\/div>\n\t\t<div class=\"elementor-element elementor-element-0e4730b e-flex e-con-boxed e-con e-child\" data-id=\"0e4730b\" data-element_type=\"container\" data-e-type=\"container\">\n\t\t\t\t\t<div class=\"e-con-inner\">\n\t\t\t\t<div class=\"elementor-element elementor-element-b4b18e2 elementor-widget__width-auto elementor-align-right elementor-widget elementor-widget-button\" data-id=\"b4b18e2\" data-element_type=\"widget\" data-e-type=\"widget\" data-widget_type=\"button.default\">\n\t\t\t\t\t\t\t\t\t\t<a class=\"elementor-button elementor-button-link elementor-size-sm\" href=\"#\">\n\t\t\t\t\t\t<span class=\"elementor-button-content-wrapper\">\n\t\t\t\t\t\t\t\t\t<span class=\"elementor-button-text\">Contactez-nous<\/span>\n\t\t\t\t\t<\/span>\n\t\t\t\t\t<\/a>\n\t\t\t\t\t\t\t\t<\/div>\n\t\t\t\t<div class=\"elementor-element elementor-element-e390a6b elementor-widget__width-auto elementor-align-right elementor-widget elementor-widget-button\" data-id=\"e390a6b\" data-element_type=\"widget\" data-e-type=\"widget\" data-widget_type=\"button.default\">\n\t\t\t\t\t\t\t\t\t\t<a class=\"elementor-button elementor-button-link elementor-size-sm\" href=\"#\">\n\t\t\t\t\t\t<span class=\"elementor-button-content-wrapper\">\n\t\t\t\t\t\t\t\t\t<span class=\"elementor-button-text\">Demandez un devis<\/span>\n\t\t\t\t\t<\/span>\n\t\t\t\t\t<\/a>\n\t\t\t\t\t\t\t\t<\/div>\n\t\t\t\t\t<\/div>\n\t\t\t\t<\/div>\n\t\t\t\t<\/div>\n\t\t\t\t\t<\/div>\n\t\t\t\t<\/div>\n\t\t<div class=\"elementor-element elementor-element-68ca773 e-flex e-con-boxed e-con e-parent\" data-id=\"68ca773\" data-element_type=\"container\" data-e-type=\"container\" data-settings=\"{&quot;background_background&quot;:&quot;classic&quot;}\">\n\t\t\t\t\t<div class=\"e-con-inner\">\n\t\t<div class=\"elementor-element elementor-element-5f41a01 e-con-full e-flex e-con e-child\" data-id=\"5f41a01\" data-element_type=\"container\" data-e-type=\"container\">\n\t\t\t\t<div class=\"elementor-element elementor-element-54cd6c4 elementor-widget elementor-widget-image\" data-id=\"54cd6c4\" data-element_type=\"widget\" data-e-type=\"widget\" data-widget_type=\"image.default\">\n\t\t\t\t\t\t\t\t\t\t\t\t\t\t\t<img fetchpriority=\"high\" decoding=\"async\" width=\"1024\" height=\"1024\" src=\"https:\/\/alphadetect.fr\/wp-content\/uploads\/2026\/02\/Image-12-fevr.-2026-a-14_52_21.png\" class=\"attachment-full size-full wp-image-93\" alt=\"\" srcset=\"https:\/\/alphadetect.fr\/wp-content\/uploads\/2026\/02\/Image-12-fevr.-2026-a-14_52_21.png 1024w, https:\/\/alphadetect.fr\/wp-content\/uploads\/2026\/02\/Image-12-fevr.-2026-a-14_52_21-300x300.png 300w, https:\/\/alphadetect.fr\/wp-content\/uploads\/2026\/02\/Image-12-fevr.-2026-a-14_52_21-150x150.png 150w, https:\/\/alphadetect.fr\/wp-content\/uploads\/2026\/02\/Image-12-fevr.-2026-a-14_52_21-768x768.png 768w\" sizes=\"(max-width: 1024px) 100vw, 1024px\" \/>\t\t\t\t\t\t\t\t\t\t\t\t\t\t\t<\/div>\n\t\t\t\t<\/div>\n\t\t<div class=\"elementor-element elementor-element-ca047e2 e-con-full e-flex e-con e-child\" data-id=\"ca047e2\" data-element_type=\"container\" data-e-type=\"container\">\n\t\t\t\t<div class=\"elementor-element elementor-element-eeba2e9 elementor-widget elementor-widget-heading\" data-id=\"eeba2e9\" data-element_type=\"widget\" data-e-type=\"widget\" data-widget_type=\"heading.default\">\n\t\t\t\t\t<h2 class=\"elementor-heading-title elementor-size-default\">Alpha Detect<\/h2>\t\t\t\t<\/div>\n\t\t<div class=\"elementor-element elementor-element-63af87f e-flex e-con-boxed e-con e-child\" data-id=\"63af87f\" data-element_type=\"container\" data-e-type=\"container\">\n\t\t\t\t\t<div class=\"e-con-inner\">\n\t\t\t\t<div class=\"elementor-element elementor-element-74daa8a elementor-widget elementor-widget-text-editor\" data-id=\"74daa8a\" data-element_type=\"widget\" data-e-type=\"widget\" data-widget_type=\"text-editor.default\">\n\t\t\t\t\t\t\t\t\t<p><strong>Alpha Detect \u2014 Agence de d\u00e9tectives priv\u00e9s certifi\u00e9e et inscrite au CNAPS<\/strong><\/p><p>Alpha Detect est une <strong>soci\u00e9t\u00e9 de d\u00e9tective priv\u00e9 l\u00e9galement autoris\u00e9e \u00e0 exercer en France<\/strong>, enregistr\u00e9e aupr\u00e8s du <strong>CNAPS (Conseil national des activit\u00e9s priv\u00e9es de s\u00e9curit\u00e9)<\/strong>. Le CNAPS est l\u2019autorit\u00e9 administrative fran\u00e7aise charg\u00e9e de la r\u00e9gulation et du contr\u00f4le des activit\u00e9s de s\u00e9curit\u00e9 priv\u00e9e, y compris les enqu\u00eates et recherches priv\u00e9es. Il d\u00e9livre les <strong>autorisation et agr\u00e9ment indispensables pour exercer en toute conformit\u00e9 avec le <em>Code de la s\u00e9curit\u00e9 int\u00e9rieure<\/em><\/strong> et garantit que toutes les op\u00e9rations de recherche et d\u2019investigation men\u00e9es par Alpha Detect respectent les normes l\u00e9gales et d\u00e9ontologiques en vigueur. (<a title=\"Vous souhaitez acheter une prestation de s\u00e9curit\u00e9 priv\u00e9e - Vous souhaitez acheter une prestation de s\u00e9curit\u00e9 priv\u00e9e - D\u00e9marches en ligne - Internet CNAPS\" href=\"https:\/\/www.cnaps.interieur.gouv.fr\/Vos-demarches\/Vous-souhaitez-acheter-une-prestation-de-securite-privee?utm_source=chatgpt.com\">CNAPS<\/a>)<\/p><p>Gr\u00e2ce \u00e0 cette inscription au CNAPS, nos clients b\u00e9n\u00e9ficient de <strong>prestations de qualit\u00e9, transparentes et reconnues par l\u2019\u00c9tat<\/strong>, avec des rapports d\u2019enqu\u00eate exploitables au plan juridique. Le CNAPS est un \u00e9tablissement public administratif sous la tutelle du Minist\u00e8re de l\u2019Int\u00e9rieur, situ\u00e9 au <strong>2-4-6 boulevard Poissonni\u00e8re \u2014 75009 Paris \u2014 France<\/strong>. Vous pouvez consulter toutes les informations officielles et v\u00e9rifier nos autorisations directement sur le site officiel du CNAPS : <strong><a href=\"https:\/\/cnaps.interieur.gouv.fr\/\">https:\/\/cnaps.interieur.gouv.fr<\/a><\/strong>. (<a title=\"Conseil national des activit\u00e9s priv\u00e9es de s\u00e9curit\u00e9 - Annuaire | Service-Public.fr\" href=\"https:\/\/lannuaire.service-public.fr\/gouvernement\/52a8c9d9-7191-453b-93df-6b854fe7ffeb?utm_source=chatgpt.com\">L&rsquo;annuaire Service Public<\/a>)<\/p><p>En choisissant <strong>Alpha Detect<\/strong>, vous faites appel \u00e0 une agence de d\u00e9tectives priv\u00e9s comp\u00e9tente, rigoureuse et pleinement conforme aux exigences r\u00e9glementaires fran\u00e7aises, avec une assurance de <strong>professionnalisme et de l\u00e9gitimit\u00e9 reconnue par le CNAPS<\/strong>.<\/p>\t\t\t\t\t\t\t\t<\/div>\n\t\t\t\t\t<\/div>\n\t\t\t\t<\/div>\n\t\t\t\t<\/div>\n\t\t\t\t\t<\/div>\n\t\t\t\t<\/div>\n\t\t<div class=\"elementor-element elementor-element-9c0df9d e-flex e-con-boxed e-con e-parent\" data-id=\"9c0df9d\" data-element_type=\"container\" data-e-type=\"container\" data-settings=\"{&quot;background_background&quot;:&quot;classic&quot;}\">\n\t\t\t\t\t<div class=\"e-con-inner\">\n\t\t<div class=\"elementor-element elementor-element-9b8465b e-con-full e-flex e-con e-child\" data-id=\"9b8465b\" data-element_type=\"container\" data-e-type=\"container\">\n\t\t\t\t<div class=\"elementor-element elementor-element-3a2b107 elementor-widget elementor-widget-heading\" data-id=\"3a2b107\" data-element_type=\"widget\" data-e-type=\"widget\" data-widget_type=\"heading.default\">\n\t\t\t\t\t<h2 class=\"elementor-heading-title elementor-size-default\">Contactez-nous d\u00e8s aujourd'hui<\/h2>\t\t\t\t<\/div>\n\t\t\t\t<div class=\"elementor-element elementor-element-f83e76b elementor-widget elementor-widget-text-editor\" data-id=\"f83e76b\" data-element_type=\"widget\" data-e-type=\"widget\" data-widget_type=\"text-editor.default\">\n\t\t\t\t\t\t\t\t\t<p>Nous sommes \u00e0 votre \u00e9coute pour r\u00e9pondre \u00e0 toutes vos questions. N&rsquo;h\u00e9sitez pas \u00e0 nous contacter pour enqu\u00eater sur vos pr\u00e9occupations ou en savoir plus sur nos services.<\/p>\t\t\t\t\t\t\t\t<\/div>\n\t\t<div class=\"elementor-element elementor-element-e7cd2a4 e-flex e-con-boxed e-con e-child\" data-id=\"e7cd2a4\" data-element_type=\"container\" data-e-type=\"container\">\n\t\t\t\t\t<div class=\"e-con-inner\">\n\t\t\t\t<div class=\"elementor-element elementor-element-314d465 elementor-widget__width-auto elementor-align-right elementor-widget elementor-widget-button\" data-id=\"314d465\" data-element_type=\"widget\" data-e-type=\"widget\" data-widget_type=\"button.default\">\n\t\t\t\t\t\t\t\t\t\t<a class=\"elementor-button elementor-button-link elementor-size-sm\" href=\"#\">\n\t\t\t\t\t\t<span class=\"elementor-button-content-wrapper\">\n\t\t\t\t\t\t\t\t\t<span class=\"elementor-button-text\">En savoir plus<\/span>\n\t\t\t\t\t<\/span>\n\t\t\t\t\t<\/a>\n\t\t\t\t\t\t\t\t<\/div>\n\t\t\t\t<div class=\"elementor-element elementor-element-24ffc1e elementor-widget__width-auto elementor-widget elementor-widget-button\" data-id=\"24ffc1e\" data-element_type=\"widget\" data-e-type=\"widget\" data-widget_type=\"button.default\">\n\t\t\t\t\t\t\t\t\t\t<a class=\"elementor-button elementor-button-link elementor-size-sm\" href=\"#\">\n\t\t\t\t\t\t<span class=\"elementor-button-content-wrapper\">\n\t\t\t\t\t\t\t\t\t<span class=\"elementor-button-text\">Contactez-nous<\/span>\n\t\t\t\t\t<\/span>\n\t\t\t\t\t<\/a>\n\t\t\t\t\t\t\t\t<\/div>\n\t\t\t\t\t<\/div>\n\t\t\t\t<\/div>\n\t\t\t\t<\/div>\n\t\t\t\t\t<\/div>\n\t\t\t\t<\/div>\n\t\t\t\t<\/div>\n\t\t","protected":false},"excerpt":{"rendered":"<p>Votre enqu\u00eate, notre mission. D\u00e9tectives priv\u00e9s \u00e0 votre service Bienvenue sur notre site. En tant que d\u00e9tectives priv\u00e9s, nous nous engageons \u00e0 vous fournir des services de haute qualit\u00e9, bas\u00e9s sur la discr\u00e9tion et le professionnalisme. Notre \u00e9quipe est l\u00e0 pour vous accompagner dans toutes vos enqu\u00eates, qu\u2019elles soient personnelles ou professionnelles. Contactez-nous Demandez un [&hellip;]<\/p>\n","protected":false},"author":1,"featured_media":0,"parent":0,"menu_order":0,"comment_status":"closed","ping_status":"closed","template":"","meta":{"footnotes":""},"class_list":["post-18","page","type-page","status-publish","hentry"],"_links":{"self":[{"href":"https:\/\/alphadetect.fr\/index.php\/wp-json\/wp\/v2\/pages\/18","targetHints":{"allow":["GET"]}}],"collection":[{"href":"https:\/\/alphadetect.fr\/index.php\/wp-json\/wp\/v2\/pages"}],"about":[{"href":"https:\/\/alphadetect.fr\/index.php\/wp-json\/wp\/v2\/types\/page"}],"author":[{"embeddable":true,"href":"https:\/\/alphadetect.fr\/index.php\/wp-json\/wp\/v2\/users\/1"}],"replies":[{"embeddable":true,"href":"https:\/\/alphadetect.fr\/index.php\/wp-json\/wp\/v2\/comments?post=18"}],"version-history":[{"count":7,"href":"https:\/\/alphadetect.fr\/index.php\/wp-json\/wp\/v2\/pages\/18\/revisions"}],"predecessor-version":[{"id":112,"href":"https:\/\/alphadetect.fr\/index.php\/wp-json\/wp\/v2\/pages\/18\/revisions\/112"}],"wp:attachment":[{"href":"https:\/\/alphadetect.fr\/index.php\/wp-json\/wp\/v2\/media?parent=18"}],"curies":[{"name":"wp","href":"https:\/\/api.w.org\/{rel}","templated":true}]}}